{"id":1215,"date":"2022-11-28T14:29:41","date_gmt":"2022-11-28T14:29:41","guid":{"rendered":"https:\/\/vancat.cl\/cl\/?page_id=1215"},"modified":"2022-12-21T14:20:55","modified_gmt":"2022-12-21T14:20:55","slug":"control-de-calidad","status":"publish","type":"page","link":"https:\/\/vancat.cl\/cl\/control-de-calidad\/","title":{"rendered":"Control de Calidad"},"content":{"rendered":"\t\t<div data-elementor-type=\"wp-page\" data-elementor-id=\"1215\" class=\"elementor elementor-1215\" data-elementor-post-type=\"page\">\n\t\t\t\t\t\t<section class=\"elementor-section elementor-top-section elementor-element elementor-element-e5fae3b elementor-section-boxed elementor-section-height-default elementor-section-height-default\" data-id=\"e5fae3b\" data-element_type=\"section\" data-settings=\"{&quot;jet_parallax_layout_list&quot;:[]}\">\n\t\t\t\t\t\t\t<div class=\"elementor-background-overlay\"><\/div>\n\t\t\t\t\t\t\t<div class=\"elementor-container elementor-column-gap-default\">\n\t\t\t\t\t<div class=\"elementor-column elementor-col-100 elementor-top-column elementor-element elementor-element-ddd3940\" data-id=\"ddd3940\" data-element_type=\"column\">\n\t\t\t<div class=\"elementor-widget-wrap elementor-element-populated\">\n\t\t\t\t\t\t<div class=\"elementor-element elementor-element-edd5fe0 elementor-widget elementor-widget-heading\" data-id=\"edd5fe0\" data-element_type=\"widget\" data-widget_type=\"heading.default\">\n\t\t\t\t<div class=\"elementor-widget-container\">\n\t\t\t\t\t<h1 class=\"elementor-heading-title elementor-size-default\">CONTROL DE CALIDAD<\/h1>\t\t\t\t<\/div>\n\t\t\t\t<\/div>\n\t\t\t\t\t<\/div>\n\t\t<\/div>\n\t\t\t\t\t<\/div>\n\t\t<\/section>\n\t\t\t\t<section class=\"elementor-section elementor-top-section elementor-element elementor-element-e3a867c elementor-section-content-top elementor-section-boxed elementor-section-height-default elementor-section-height-default\" data-id=\"e3a867c\" data-element_type=\"section\" data-settings=\"{&quot;jet_parallax_layout_list&quot;:[]}\">\n\t\t\t\t\t\t<div class=\"elementor-container elementor-column-gap-narrow\">\n\t\t\t\t\t<div class=\"elementor-column elementor-col-100 elementor-top-column elementor-element elementor-element-1593552\" data-id=\"1593552\" data-element_type=\"column\">\n\t\t\t<div class=\"elementor-widget-wrap elementor-element-populated\">\n\t\t\t\t\t\t<div class=\"elementor-element elementor-element-f170779 elementor-widget elementor-widget-raven-image\" data-id=\"f170779\" data-element_type=\"widget\" data-widget_type=\"raven-image.default\">\n\t\t\t\t<div class=\"elementor-widget-container\">\n\t\t\t\t\t\t\t<div class=\"raven-image\">\n\t\t\n\t\t\n\t\t<img fetchpriority=\"high\" decoding=\"async\" width=\"1024\" height=\"322\" src=\"https:\/\/vancat.cl\/cl\/wp-content\/uploads\/2022\/11\/kalite-1-1024x322-1.jpg\" class=\"attachment-full size-full wp-image-1250\" alt=\"\" srcset=\"https:\/\/vancat.cl\/cl\/wp-content\/uploads\/2022\/11\/kalite-1-1024x322-1.jpg 1024w, https:\/\/vancat.cl\/cl\/wp-content\/uploads\/2022\/11\/kalite-1-1024x322-1-300x94.jpg 300w, https:\/\/vancat.cl\/cl\/wp-content\/uploads\/2022\/11\/kalite-1-1024x322-1-768x242.jpg 768w\" sizes=\"(max-width: 1024px) 100vw, 1024px\" \/>\t\t<\/div>\n\t\t\t\t\t\t<\/div>\n\t\t\t\t<\/div>\n\t\t\t\t\t<\/div>\n\t\t<\/div>\n\t\t\t\t\t<\/div>\n\t\t<\/section>\n\t\t\t\t<section class=\"elementor-section elementor-top-section elementor-element elementor-element-d5c0fb0 elementor-section-boxed elementor-section-height-default elementor-section-height-default\" data-id=\"d5c0fb0\" data-element_type=\"section\" data-settings=\"{&quot;jet_parallax_layout_list&quot;:[]}\">\n\t\t\t\t\t\t<div class=\"elementor-container elementor-column-gap-default\">\n\t\t\t\t\t<div class=\"elementor-column elementor-col-50 elementor-top-column elementor-element elementor-element-5ba98cf\" data-id=\"5ba98cf\" data-element_type=\"column\">\n\t\t\t<div class=\"elementor-widget-wrap elementor-element-populated\">\n\t\t\t\t\t\t<div class=\"elementor-element elementor-element-2a30884 elementor-widget elementor-widget-heading\" data-id=\"2a30884\" data-element_type=\"widget\" data-widget_type=\"heading.default\">\n\t\t\t\t<div class=\"elementor-widget-container\">\n\t\t\t\t\t<h2 class=\"elementor-heading-title elementor-size-default\">Bentas Bentonit produce 500 toneladas diarias, realiza 6 an\u00e1lisis diferentes por tonelada de producto, 3.000 an\u00e1lisis en 24 horas...<\/h2>\t\t\t\t<\/div>\n\t\t\t\t<\/div>\n\t\t\t\t\t<\/div>\n\t\t<\/div>\n\t\t\t\t<div class=\"elementor-column elementor-col-50 elementor-top-column elementor-element elementor-element-49264b8\" data-id=\"49264b8\" data-element_type=\"column\">\n\t\t\t<div class=\"elementor-widget-wrap elementor-element-populated\">\n\t\t\t\t\t\t<div class=\"elementor-element elementor-element-21fa0b5 elementor-widget elementor-widget-text-editor\" data-id=\"21fa0b5\" data-element_type=\"widget\" data-widget_type=\"text-editor.default\">\n\t\t\t\t<div class=\"elementor-widget-container\">\n\t\t\t\t\t\t\t\t\t<p>El laboratorio de I+D trabaja para aumentar a\u00fan m\u00e1s la eficiencia de los productos existentes y desarrollar nuevos productos. El departamento de control de calidad realiza un seguimiento continuo de la producci\u00f3n para garantizar el cumplimiento de los par\u00e1metros de calidad exigidos y un alto nivel de calidad.<\/p>\t\t\t\t\t\t\t\t<\/div>\n\t\t\t\t<\/div>\n\t\t\t\t\t<\/div>\n\t\t<\/div>\n\t\t\t\t\t<\/div>\n\t\t<\/section>\n\t\t\t\t<section class=\"elementor-section elementor-top-section elementor-element elementor-element-5707163 elementor-reverse-mobile elementor-section-boxed elementor-section-height-default elementor-section-height-default\" data-id=\"5707163\" data-element_type=\"section\" data-settings=\"{&quot;jet_parallax_layout_list&quot;:[]}\">\n\t\t\t\t\t\t\t<div class=\"elementor-background-overlay\"><\/div>\n\t\t\t\t\t\t\t<div class=\"elementor-container elementor-column-gap-default\">\n\t\t\t\t\t<div class=\"elementor-column elementor-col-33 elementor-top-column elementor-element elementor-element-8cabb2c\" data-id=\"8cabb2c\" data-element_type=\"column\">\n\t\t\t<div class=\"elementor-widget-wrap elementor-element-populated\">\n\t\t\t\t\t\t<div class=\"elementor-element elementor-element-a4f53b1 elementor-widget elementor-widget-raven-image\" data-id=\"a4f53b1\" data-element_type=\"widget\" data-widget_type=\"raven-image.default\">\n\t\t\t\t<div class=\"elementor-widget-container\">\n\t\t\t\t\t\t\t<div class=\"raven-image\">\n\t\t\n\t\t\n\t\t<img decoding=\"async\" width=\"386\" height=\"217\" src=\"https:\/\/vancat.cl\/cl\/wp-content\/uploads\/2022\/11\/Sivi-emme.jpg\" class=\"attachment-full size-full wp-image-1249\" alt=\"\" srcset=\"https:\/\/vancat.cl\/cl\/wp-content\/uploads\/2022\/11\/Sivi-emme.jpg 386w, https:\/\/vancat.cl\/cl\/wp-content\/uploads\/2022\/11\/Sivi-emme-300x169.jpg 300w\" sizes=\"(max-width: 386px) 100vw, 386px\" \/>\t\t<\/div>\n\t\t\t\t\t\t<\/div>\n\t\t\t\t<\/div>\n\t\t\t\t\t<\/div>\n\t\t<\/div>\n\t\t\t\t<div class=\"elementor-column elementor-col-66 elementor-top-column elementor-element elementor-element-907e153\" data-id=\"907e153\" data-element_type=\"column\">\n\t\t\t<div class=\"elementor-widget-wrap elementor-element-populated\">\n\t\t\t\t\t\t<div class=\"elementor-element elementor-element-997dcf8 elementor-widget elementor-widget-text-editor\" data-id=\"997dcf8\" data-element_type=\"widget\" data-widget_type=\"text-editor.default\">\n\t\t\t\t<div class=\"elementor-widget-container\">\n\t\t\t\t\t\t\t\t\t<h5>An\u00e1lisis de Capacidad de Absorci\u00f3n de L\u00edquidos:<\/h5><p>La prueba que se realiza para determinar la capacidad de absorci\u00f3n de agua de la arena para gatos es el test Westing House, el criterio de nuestros productos es un m\u00ednimo de 280%. Esto significa que con 100 g de arena para gatos puedes captar 280 g de l\u00edquido. Adem\u00e1s, este criterio aumenta hasta un 330% con los productos especiales que elaboramos.<\/p>\t\t\t\t\t\t\t\t<\/div>\n\t\t\t\t<\/div>\n\t\t\t\t\t<\/div>\n\t\t<\/div>\n\t\t\t\t\t<\/div>\n\t\t<\/section>\n\t\t\t\t<section class=\"elementor-section elementor-top-section elementor-element elementor-element-f8371bd elementor-section-boxed elementor-section-height-default elementor-section-height-default\" data-id=\"f8371bd\" data-element_type=\"section\" data-settings=\"{&quot;jet_parallax_layout_list&quot;:[]}\">\n\t\t\t\t\t\t<div class=\"elementor-container elementor-column-gap-default\">\n\t\t\t\t\t<div class=\"elementor-column elementor-col-66 elementor-top-column elementor-element elementor-element-c79d8c8\" data-id=\"c79d8c8\" data-element_type=\"column\">\n\t\t\t<div class=\"elementor-widget-wrap elementor-element-populated\">\n\t\t\t\t\t\t<div class=\"elementor-element elementor-element-0724faa elementor-widget elementor-widget-text-editor\" data-id=\"0724faa\" data-element_type=\"widget\" data-widget_type=\"text-editor.default\">\n\t\t\t\t<div class=\"elementor-widget-container\">\n\t\t\t\t\t\t\t\t\t<h5>An\u00e1lisis de aglomeraci\u00f3n:<\/h5><p>En nuestra arena aglomerante para gatos comprobamos el peso y la fragilidad de la aglomeraci\u00f3n formada por la salina que absorbe. El objetivo es alcanzar un peso m\u00e1ximo de aglomeraci\u00f3n de 60 gr con 20 ml de salina. Nuestra arena logra de 55 a 57 gr.<\/p>\t\t\t\t\t\t\t\t<\/div>\n\t\t\t\t<\/div>\n\t\t\t\t\t<\/div>\n\t\t<\/div>\n\t\t\t\t<div class=\"elementor-column elementor-col-33 elementor-top-column elementor-element elementor-element-9ffa206\" data-id=\"9ffa206\" data-element_type=\"column\">\n\t\t\t<div class=\"elementor-widget-wrap elementor-element-populated\">\n\t\t\t\t\t\t<div class=\"elementor-element elementor-element-d53b475 elementor-widget elementor-widget-raven-image\" data-id=\"d53b475\" data-element_type=\"widget\" data-widget_type=\"raven-image.default\">\n\t\t\t\t<div class=\"elementor-widget-container\">\n\t\t\t\t\t\t\t<div class=\"raven-image\">\n\t\t\n\t\t\n\t\t<img decoding=\"async\" width=\"384\" height=\"216\" src=\"https:\/\/vancat.cl\/cl\/wp-content\/uploads\/2022\/11\/Topaklasma.jpg\" class=\"attachment-full size-full wp-image-1247\" alt=\"\" srcset=\"https:\/\/vancat.cl\/cl\/wp-content\/uploads\/2022\/11\/Topaklasma.jpg 384w, https:\/\/vancat.cl\/cl\/wp-content\/uploads\/2022\/11\/Topaklasma-300x169.jpg 300w\" sizes=\"(max-width: 384px) 100vw, 384px\" \/>\t\t<\/div>\n\t\t\t\t\t\t<\/div>\n\t\t\t\t<\/div>\n\t\t\t\t\t<\/div>\n\t\t<\/div>\n\t\t\t\t\t<\/div>\n\t\t<\/section>\n\t\t\t\t<section class=\"elementor-section elementor-top-section elementor-element elementor-element-7018abe elementor-reverse-mobile elementor-section-boxed elementor-section-height-default elementor-section-height-default\" data-id=\"7018abe\" data-element_type=\"section\" data-settings=\"{&quot;jet_parallax_layout_list&quot;:[]}\">\n\t\t\t\t\t\t\t<div class=\"elementor-background-overlay\"><\/div>\n\t\t\t\t\t\t\t<div class=\"elementor-container elementor-column-gap-default\">\n\t\t\t\t\t<div class=\"elementor-column elementor-col-33 elementor-top-column elementor-element elementor-element-7c1a641\" data-id=\"7c1a641\" data-element_type=\"column\">\n\t\t\t<div class=\"elementor-widget-wrap elementor-element-populated\">\n\t\t\t\t\t\t<div class=\"elementor-element elementor-element-bfbca36 elementor-widget elementor-widget-raven-image\" data-id=\"bfbca36\" data-element_type=\"widget\" data-widget_type=\"raven-image.default\">\n\t\t\t\t<div class=\"elementor-widget-container\">\n\t\t\t\t\t\t\t<div class=\"raven-image\">\n\t\t\n\t\t\n\t\t<img loading=\"lazy\" decoding=\"async\" width=\"382\" height=\"215\" src=\"https:\/\/vancat.cl\/cl\/wp-content\/uploads\/2022\/11\/rutubet.jpg\" class=\"attachment-full size-full wp-image-1246\" alt=\"\" srcset=\"https:\/\/vancat.cl\/cl\/wp-content\/uploads\/2022\/11\/rutubet.jpg 382w, https:\/\/vancat.cl\/cl\/wp-content\/uploads\/2022\/11\/rutubet-300x169.jpg 300w\" sizes=\"(max-width: 382px) 100vw, 382px\" \/>\t\t<\/div>\n\t\t\t\t\t\t<\/div>\n\t\t\t\t<\/div>\n\t\t\t\t\t<\/div>\n\t\t<\/div>\n\t\t\t\t<div class=\"elementor-column elementor-col-66 elementor-top-column elementor-element elementor-element-6a2d775\" data-id=\"6a2d775\" data-element_type=\"column\">\n\t\t\t<div class=\"elementor-widget-wrap elementor-element-populated\">\n\t\t\t\t\t\t<div class=\"elementor-element elementor-element-bd2f12d elementor-widget elementor-widget-text-editor\" data-id=\"bd2f12d\" data-element_type=\"widget\" data-widget_type=\"text-editor.default\">\n\t\t\t\t<div class=\"elementor-widget-container\">\n\t\t\t\t\t\t\t\t\t<h5>An\u00e1lisis de humedad:<\/h5><p>Aunque el criterio de aceptaci\u00f3n para la humedad en la arena para gatos que producimos es del 10%, tenemos un valor del 8%. Al producir productos con menor humedad, aumentamos la capacidad de absorci\u00f3n de agua y evitamos vender agua a nuestros clientes.<\/p>\t\t\t\t\t\t\t\t<\/div>\n\t\t\t\t<\/div>\n\t\t\t\t\t<\/div>\n\t\t<\/div>\n\t\t\t\t\t<\/div>\n\t\t<\/section>\n\t\t\t\t<section class=\"elementor-section elementor-top-section elementor-element elementor-element-700ef0d elementor-section-boxed elementor-section-height-default elementor-section-height-default\" data-id=\"700ef0d\" data-element_type=\"section\" data-settings=\"{&quot;jet_parallax_layout_list&quot;:[]}\">\n\t\t\t\t\t\t<div class=\"elementor-container elementor-column-gap-default\">\n\t\t\t\t\t<div class=\"elementor-column elementor-col-66 elementor-top-column elementor-element elementor-element-b219608\" data-id=\"b219608\" data-element_type=\"column\">\n\t\t\t<div class=\"elementor-widget-wrap elementor-element-populated\">\n\t\t\t\t\t\t<div class=\"elementor-element elementor-element-0dd14f9 elementor-widget elementor-widget-text-editor\" data-id=\"0dd14f9\" data-element_type=\"widget\" data-widget_type=\"text-editor.default\">\n\t\t\t\t<div class=\"elementor-widget-container\">\n\t\t\t\t\t\t\t\t\t<h5>An\u00e1lisis del valor de pH:<\/h5><p>Adem\u00e1s del an\u00e1lisis continuo del tama\u00f1o de los gr\u00e1nulos y la densidad\u00a0 se realiza un an\u00e1lisis del pH. 1 LT de arena para gatos que producimos pesa una media de 850 gr. Teniendo en cuenta que la densidad de la arena higi\u00e9nica para gatos equivalente en Europa es de 1 L = 1,1 kg, proporcionamos un gran ahorro en las compras basadas en litros.<\/p>\t\t\t\t\t\t\t\t<\/div>\n\t\t\t\t<\/div>\n\t\t\t\t\t<\/div>\n\t\t<\/div>\n\t\t\t\t<div class=\"elementor-column elementor-col-33 elementor-top-column elementor-element elementor-element-528d7bd\" data-id=\"528d7bd\" data-element_type=\"column\">\n\t\t\t<div class=\"elementor-widget-wrap elementor-element-populated\">\n\t\t\t\t\t\t<div class=\"elementor-element elementor-element-09aabea elementor-widget elementor-widget-raven-image\" data-id=\"09aabea\" data-element_type=\"widget\" data-widget_type=\"raven-image.default\">\n\t\t\t\t<div class=\"elementor-widget-container\">\n\t\t\t\t\t\t\t<div class=\"raven-image\">\n\t\t\n\t\t\n\t\t<img loading=\"lazy\" decoding=\"async\" width=\"382\" height=\"215\" src=\"https:\/\/vancat.cl\/cl\/wp-content\/uploads\/2022\/11\/PH.jpg\" class=\"attachment-full size-full wp-image-1255\" alt=\"\" srcset=\"https:\/\/vancat.cl\/cl\/wp-content\/uploads\/2022\/11\/PH.jpg 382w, https:\/\/vancat.cl\/cl\/wp-content\/uploads\/2022\/11\/PH-300x169.jpg 300w\" sizes=\"(max-width: 382px) 100vw, 382px\" \/>\t\t<\/div>\n\t\t\t\t\t\t<\/div>\n\t\t\t\t<\/div>\n\t\t\t\t\t<\/div>\n\t\t<\/div>\n\t\t\t\t\t<\/div>\n\t\t<\/section>\n\t\t\t\t<section class=\"elementor-section elementor-top-section elementor-element elementor-element-84554cb elementor-section-boxed elementor-section-height-default elementor-section-height-default\" data-id=\"84554cb\" data-element_type=\"section\" data-settings=\"{&quot;jet_parallax_layout_list&quot;:[]}\">\n\t\t\t\t\t\t<div class=\"elementor-container elementor-column-gap-default\">\n\t\t\t\t\t<div class=\"elementor-column elementor-col-50 elementor-top-column elementor-element elementor-element-9b986db\" data-id=\"9b986db\" data-element_type=\"column\">\n\t\t\t<div class=\"elementor-widget-wrap elementor-element-populated\">\n\t\t\t\t\t\t<div class=\"elementor-element elementor-element-f0658c6 elementor-widget elementor-widget-raven-image\" data-id=\"f0658c6\" data-element_type=\"widget\" data-widget_type=\"raven-image.default\">\n\t\t\t\t<div class=\"elementor-widget-container\">\n\t\t\t\t\t\t\t<div class=\"raven-image\">\n\t\t\n\t\t\n\t\t<img loading=\"lazy\" decoding=\"async\" width=\"383\" height=\"215\" src=\"https:\/\/vancat.cl\/cl\/wp-content\/uploads\/2022\/11\/Beyazlik.jpg\" class=\"attachment-full size-full wp-image-1254\" alt=\"\" srcset=\"https:\/\/vancat.cl\/cl\/wp-content\/uploads\/2022\/11\/Beyazlik.jpg 383w, https:\/\/vancat.cl\/cl\/wp-content\/uploads\/2022\/11\/Beyazlik-300x168.jpg 300w\" sizes=\"(max-width: 383px) 100vw, 383px\" \/>\t\t<\/div>\n\t\t\t\t\t\t<\/div>\n\t\t\t\t<\/div>\n\t\t\t\t<div class=\"elementor-element elementor-element-9a53a74 elementor-widget elementor-widget-heading\" data-id=\"9a53a74\" data-element_type=\"widget\" data-widget_type=\"heading.default\">\n\t\t\t\t<div class=\"elementor-widget-container\">\n\t\t\t\t\t<h4 class=\"elementor-heading-title elementor-size-default\">An\u00e1lisis de blancura. <\/h4>\t\t\t\t<\/div>\n\t\t\t\t<\/div>\n\t\t\t\t\t<\/div>\n\t\t<\/div>\n\t\t\t\t<div class=\"elementor-column elementor-col-50 elementor-top-column elementor-element elementor-element-ef66564\" data-id=\"ef66564\" data-element_type=\"column\">\n\t\t\t<div class=\"elementor-widget-wrap elementor-element-populated\">\n\t\t\t\t\t\t<div class=\"elementor-element elementor-element-0d0b807 elementor-widget elementor-widget-raven-image\" data-id=\"0d0b807\" data-element_type=\"widget\" data-widget_type=\"raven-image.default\">\n\t\t\t\t<div class=\"elementor-widget-container\">\n\t\t\t\t\t\t\t<div class=\"raven-image\">\n\t\t\n\t\t\n\t\t<img loading=\"lazy\" decoding=\"async\" width=\"383\" height=\"215\" src=\"https:\/\/vancat.cl\/cl\/wp-content\/uploads\/2022\/11\/Granul.jpg\" class=\"attachment-full size-full wp-image-1253\" alt=\"\" srcset=\"https:\/\/vancat.cl\/cl\/wp-content\/uploads\/2022\/11\/Granul.jpg 383w, https:\/\/vancat.cl\/cl\/wp-content\/uploads\/2022\/11\/Granul-300x168.jpg 300w\" sizes=\"(max-width: 383px) 100vw, 383px\" \/>\t\t<\/div>\n\t\t\t\t\t\t<\/div>\n\t\t\t\t<\/div>\n\t\t\t\t<div class=\"elementor-element elementor-element-015c34e elementor-widget elementor-widget-heading\" data-id=\"015c34e\" data-element_type=\"widget\" data-widget_type=\"heading.default\">\n\t\t\t\t<div class=\"elementor-widget-container\">\n\t\t\t\t\t<h4 class=\"elementor-heading-title elementor-size-default\">An\u00e1lisis de Granulometr\u00eda.<\/h4>\t\t\t\t<\/div>\n\t\t\t\t<\/div>\n\t\t\t\t\t<\/div>\n\t\t<\/div>\n\t\t\t\t\t<\/div>\n\t\t<\/section>\n\t\t\t\t<section class=\"elementor-section elementor-top-section elementor-element elementor-element-ff127c0 elementor-section-boxed elementor-section-height-default elementor-section-height-default\" data-id=\"ff127c0\" data-element_type=\"section\" data-settings=\"{&quot;jet_parallax_layout_list&quot;:[]}\">\n\t\t\t\t\t\t<div class=\"elementor-container elementor-column-gap-default\">\n\t\t\t\t\t<div class=\"elementor-column elementor-col-100 elementor-top-column elementor-element elementor-element-b2cffdc\" data-id=\"b2cffdc\" data-element_type=\"column\">\n\t\t\t<div class=\"elementor-widget-wrap elementor-element-populated\">\n\t\t\t\t\t\t<div class=\"elementor-element elementor-element-c2ad3f6 elementor-widget elementor-widget-spacer\" data-id=\"c2ad3f6\" data-element_type=\"widget\" data-widget_type=\"spacer.default\">\n\t\t\t\t<div class=\"elementor-widget-container\">\n\t\t\t\t\t\t\t<div class=\"elementor-spacer\">\n\t\t\t<div class=\"elementor-spacer-inner\"><\/div>\n\t\t<\/div>\n\t\t\t\t\t\t<\/div>\n\t\t\t\t<\/div>\n\t\t\t\t\t<\/div>\n\t\t<\/div>\n\t\t\t\t\t<\/div>\n\t\t<\/section>\n\t\t\t\t<\/div>\n\t\t","protected":false},"excerpt":{"rendered":"<p>CONTROL DE CALIDAD Bentas Bentonit produce 500 toneladas diarias, realiza 6 an\u00e1lisis diferentes por tonelada de producto, 3.000 an\u00e1lisis en 24 horas&#8230; El laboratorio de I+D trabaja para aumentar a\u00fan m\u00e1s la eficiencia de los productos existentes y desarrollar nuevos productos. El departamento de control de calidad realiza un seguimiento continuo de la producci\u00f3n para [&hellip;]<\/p>\n","protected":false},"author":1,"featured_media":0,"parent":0,"menu_order":0,"comment_status":"closed","ping_status":"closed","template":"elementor_header_footer","meta":{"_acf_changed":false,"footnotes":""},"class_list":["post-1215","page","type-page","status-publish","hentry"],"acf":[],"_links":{"self":[{"href":"https:\/\/vancat.cl\/cl\/wp-json\/wp\/v2\/pages\/1215","targetHints":{"allow":["GET"]}}],"collection":[{"href":"https:\/\/vancat.cl\/cl\/wp-json\/wp\/v2\/pages"}],"about":[{"href":"https:\/\/vancat.cl\/cl\/wp-json\/wp\/v2\/types\/page"}],"author":[{"embeddable":true,"href":"https:\/\/vancat.cl\/cl\/wp-json\/wp\/v2\/users\/1"}],"replies":[{"embeddable":true,"href":"https:\/\/vancat.cl\/cl\/wp-json\/wp\/v2\/comments?post=1215"}],"version-history":[{"count":49,"href":"https:\/\/vancat.cl\/cl\/wp-json\/wp\/v2\/pages\/1215\/revisions"}],"predecessor-version":[{"id":2315,"href":"https:\/\/vancat.cl\/cl\/wp-json\/wp\/v2\/pages\/1215\/revisions\/2315"}],"wp:attachment":[{"href":"https:\/\/vancat.cl\/cl\/wp-json\/wp\/v2\/media?parent=1215"}],"curies":[{"name":"wp","href":"https:\/\/api.w.org\/{rel}","templated":true}]}}